{"id":1206,"date":"2018-06-03T01:21:35","date_gmt":"2018-06-03T01:21:35","guid":{"rendered":"http:\/\/demo.zantetheme.com\/?page_id=1206"},"modified":"2024-10-09T21:11:45","modified_gmt":"2024-10-09T19:11:45","slug":"einzelzimmer","status":"publish","type":"page","link":"https:\/\/domblick.de\/en\/einzelzimmer\/","title":{"rendered":"Single room"},"content":{"rendered":"<section class=\"wpb-content-wrapper\"><div class=\"vc_row wpb_row vc_row-fluid\"><div class=\"wpb_column vc_column_container vc_col-sm-12 vc_col-lg-offset-0\"><div class=\"vc_column-inner\"><div class=\"wpb_wrapper\">\n\t<div class=\"wpb_text_column wpb_content_element  vc_custom_1680629571356\" >\n\t\t<div class=\"wpb_wrapper\">\n\t\t\t<h2>Single room \u2013 from \u20ac65.00 incl. VAT<\/h2>\n\n\t\t<\/div>\n\t<\/div>\n\n<div class=\"vc-zigzag-wrapper vc_custom_1680450441135 vc-zigzag-align-center\"><div class=\"vc-zigzag-inner\" style=\"width: 100%;min-height: 14px;background: 0 repeat-x url(&#039;data:image\/svg+xml;utf-8,%3C%3Fxml%20version%3D%221.0%22%20encoding%3D%22utf-8%22%3F%3E%3C%21DOCTYPE%20svg%20PUBLIC%20%22-%2F%2FW3C%2F%2FDTD%20SVG%201.1%2F%2FEN%22%20%22http%3A%2F%2Fwww.w3.org%2FGraphics%2FSVG%2F1.1%2FDTD%2Fsvg11.dtd%22%3E%3Csvg%20width%3D%2214px%22%20height%3D%2212px%22%20viewBox%3D%220%200%2018%2015%22%20version%3D%221.1%22%20xmlns%3D%22http%3A%2F%2Fwww.w3.org%2F2000%2Fsvg%22%20xmlns%3Axlink%3D%22http%3A%2F%2Fwww.w3.org%2F1999%2Fxlink%22%3E%3Cpolygon%20id%3D%22Combined-Shape%22%20fill%3D%22%23ebebeb%22%20points%3D%228.98762301%200%200%209.12771969%200%2014.519983%209%205.40479869%2018%2014.519983%2018%209.12771969%22%3E%3C%2Fpolygon%3E%3C%2Fsvg%3E&#039;);\"><\/div><\/div><\/div><\/div><\/div><\/div><div class=\"vc_row wpb_row vc_row-fluid\"><div class=\"wpb_column vc_column_container vc_col-sm-12 vc_col-lg-offset-0\"><div class=\"vc_column-inner\"><div class=\"wpb_wrapper\">           \r\n            <div class=\"row\">\r\n\t            <div class=\"image-gallery\">\r\n\r\n                   \r\n                    <!-- GALLERY ITEM -->\r\n                    <div class=\"col-lg-4 col-sm-6\">\r\n                      <figure class=\"gradient-overlay-hover icon-zoom-hover zoom-image-hover\">\r\n                                                <a href=\"https:\/\/domblick.de\/domblick\/uploads\/2023\/03\/Pension_Domblick_20190126_5817_Andreas_Bender-scaled.jpg\">\r\n                          <img src=\"https:\/\/domblick.de\/domblick\/uploads\/2023\/03\/Pension_Domblick_20190126_5817_Andreas_Bender-scaled.jpg\" class=\"img-responsive\">\r\n                        <\/a>\r\n                                            <\/figure>\r\n                    <\/div>\r\n\r\n                    \r\n                    <!-- GALLERY ITEM -->\r\n                    <div class=\"col-lg-4 col-sm-6\">\r\n                      <figure class=\"gradient-overlay-hover icon-zoom-hover zoom-image-hover\">\r\n                                                <a href=\"https:\/\/domblick.de\/domblick\/uploads\/2023\/03\/Pension_Domblick_20190126_5837_Andreas_Bender-scaled.jpg\">\r\n                          <img src=\"https:\/\/domblick.de\/domblick\/uploads\/2023\/03\/Pension_Domblick_20190126_5837_Andreas_Bender-scaled.jpg\" class=\"img-responsive\">\r\n                        <\/a>\r\n                                            <\/figure>\r\n                    <\/div>\r\n\r\n                    \r\n                    <!-- GALLERY ITEM -->\r\n                    <div class=\"col-lg-4 col-sm-6\">\r\n                      <figure class=\"gradient-overlay-hover icon-zoom-hover zoom-image-hover\">\r\n                                                <a href=\"https:\/\/domblick.de\/domblick\/uploads\/2023\/04\/Pension_Domblick_20190126_5769_Andreas_Bender-scaled.jpg\">\r\n                          <img src=\"https:\/\/domblick.de\/domblick\/uploads\/2023\/04\/Pension_Domblick_20190126_5769_Andreas_Bender-scaled.jpg\" class=\"img-responsive\">\r\n                        <\/a>\r\n                                            <\/figure>\r\n                    <\/div>\r\n\r\n                    \r\n\t                \t            <\/div>\r\n            <\/div>\r\n\r\n        <\/div><\/div><\/div><\/div><div class=\"vc_row wpb_row vc_row-fluid\"><div class=\"wpb_column vc_column_container vc_col-sm-3\"><div class=\"vc_column-inner\"><div class=\"wpb_wrapper\"><div class=\"evc-icon-with-text evc-shortcode  evc-iwt-icon-left\">\n\t<div class=\"evc-iwt-icon-holder\">\n\t\t<img width=\"24\" height=\"24\" src=\"https:\/\/domblick.de\/domblick\/uploads\/2023\/04\/church-1.png\" class=\"attachment-full size-full\" alt=\"\" loading=\"lazy\" \/>\t<\/div>\n\t<div class=\"evc-iwt-content\">\n\t\t\t<p class=\"evc-iwt-title\" >\n\t\t\t\t\tView of the cathedral\t\t\t<\/p>\n\t<\/div>\n<\/div>\n<\/div><\/div><\/div><div class=\"wpb_column vc_column_container vc_col-sm-3\"><div class=\"vc_column-inner\"><div class=\"wpb_wrapper\"><div class=\"evc-icon-with-text evc-shortcode  evc-iwt-icon-left\">\n\t<div class=\"evc-iwt-icon-holder\">\n\t\t<img width=\"24\" height=\"24\" src=\"https:\/\/domblick.de\/domblick\/uploads\/2023\/04\/bett.png\" class=\"attachment-full size-full\" alt=\"\" loading=\"lazy\" \/>\t<\/div>\n\t<div class=\"evc-iwt-content\">\n\t\t\t<p class=\"evc-iwt-title\" >\n\t\t\t\t\tSingle bed\t\t\t<\/p>\n\t<\/div>\n<\/div>\n<\/div><\/div><\/div><div class=\"wpb_column vc_column_container vc_col-sm-3\"><div class=\"vc_column-inner\"><div class=\"wpb_wrapper\"><div class=\"evc-icon-with-text evc-shortcode  evc-iwt-icon-left\">\n\t<div class=\"evc-iwt-icon-holder\">\n\t\t<img width=\"24\" height=\"24\" src=\"https:\/\/domblick.de\/domblick\/uploads\/2023\/04\/familie.png\" class=\"attachment-full size-full\" alt=\"\" loading=\"lazy\" \/>\t<\/div>\n\t<div class=\"evc-iwt-content\">\n\t\t\t<p class=\"evc-iwt-title\" >\n\t\t\t\t\t1 Person\t\t\t<\/p>\n\t<\/div>\n<\/div>\n<\/div><\/div><\/div><div class=\"wpb_column vc_column_container vc_col-sm-3\"><div class=\"vc_column-inner\"><div class=\"wpb_wrapper\"><\/div><\/div><\/div><\/div><div class=\"vc_row wpb_row vc_row-fluid\"><div class=\"wpb_column vc_column_container vc_col-sm-12\"><div class=\"vc_column-inner\"><div class=\"wpb_wrapper\">\n\t<div class=\"wpb_text_column wpb_content_element\" >\n\t\t<div class=\"wpb_wrapper\">\n\t\t\t<p>Unsere Einzelzimmer sind komfortabel ausgestattet und bieten angenehmste \u00dcbernachtungsm\u00f6glichkeiten. Das Fr\u00fchst\u00fcck ist f\u00fcr all unsere G\u00e4ste inbegriffen.<\/p>\n<p>Are you allergic? No problem, we also have special rooms for you in our guesthouse.<\/p>\n<p>Our hotel was completely renovated in 2017. All rooms have new furniture and equipment. Of course, we also offer guests who have arrived by car the opportunity to use our free hotel parking spaces.<\/p>\n<p><b>Haustiere sind nicht erlaubt<\/b><\/p>\n\n\t\t<\/div>\n\t<\/div>\n<\/div><\/div><\/div><\/div><div class=\"vc_row wpb_row vc_row-fluid\"><div class=\"wpb_column vc_column_container vc_col-sm-12\"><div class=\"vc_column-inner\"><div class=\"wpb_wrapper\">\n\t<div class=\"wpb_text_column wpb_content_element\" >\n\t\t<div class=\"wpb_wrapper\">\n\t\t\t<h2>Service:<\/h2>\n\n\t\t<\/div>\n\t<\/div>\n\r\n\r\n        <div class=\"room-services-list room-services-list-page\">\r\n          <div class=\"row\">\r\n            \t\t\t\t\t\t\t\t<!-- SERVICE GRID ITEM -->\r\n                <div class=\"col-lg-3\">\r\n                  <div class=\"room-services-item\">\r\n                                          <i class=\"fas fa-wifi\"><\/i>\r\n                                        WiFi                  <\/div>\r\n                <\/div>\r\n\r\n            \t\t\t\t\t\t\t\t<!-- SERVICE GRID ITEM -->\r\n                <div class=\"col-lg-3\">\r\n                  <div class=\"room-services-item\">\r\n                                          <i class=\"fas fa-tv\"><\/i>\r\n                                        Cabel TV                  <\/div>\r\n                <\/div>\r\n\r\n            \t\t\t\t\t\t\t\t<!-- SERVICE GRID ITEM -->\r\n                <div class=\"col-lg-3\">\r\n                  <div class=\"room-services-item\">\r\n                                          <i class=\"fas fa-parking\"><\/i>\r\n                                        Free parking                  <\/div>\r\n                <\/div>\r\n\r\n            \t\t\t\t\t\t\t\t<!-- SERVICE GRID ITEM -->\r\n                <div class=\"col-lg-3\">\r\n                  <div class=\"room-services-item\">\r\n                                          <i class=\"fas fa-concierge-bell\"><\/i>\r\n                                        Room Service                  <\/div>\r\n                <\/div>\r\n\r\n            \t\t\t\t\t\t\t\t<!-- SERVICE GRID ITEM -->\r\n                <div class=\"col-lg-3\">\r\n                  <div class=\"room-services-item\">\r\n                                          <i class=\"fas fa-utensils\"><\/i>\r\n                                        Free breakfast buffet                  <\/div>\r\n                <\/div>\r\n\r\n            \t\t\t\t\t\t\t\t<!-- SERVICE GRID ITEM -->\r\n                <div class=\"col-lg-3\">\r\n                  <div class=\"room-services-item\">\r\n                                          <i class=\"fas fa-church\"><\/i>\r\n                                        View of the cathedral                  <\/div>\r\n                <\/div>\r\n\r\n            \t\t\t\t\t\t\t\t<!-- SERVICE GRID ITEM -->\r\n                <div class=\"col-lg-3\">\r\n                  <div class=\"room-services-item\">\r\n                                          <i class=\"fas fa-wind\"><\/i>\r\n                                        Hairdryer                  <\/div>\r\n                <\/div>\r\n\r\n            \t\t\t\t\t\t\t\t<!-- SERVICE GRID ITEM -->\r\n                <div class=\"col-lg-3\">\r\n                  <div class=\"room-services-item\">\r\n                                          <i class=\"fa fa-glass\"><\/i>\r\n                                        Minibar                  <\/div>\r\n                <\/div>\r\n\r\n            \t\t\t\t\t\t\t\t<!-- SERVICE GRID ITEM -->\r\n                <div class=\"col-lg-3\">\r\n                  <div class=\"room-services-item\">\r\n                                          <i class=\"fa fa-search\"><\/i>\r\n                                        Makeup-Mirror                  <\/div>\r\n                <\/div>\r\n\r\n                                <\/div>\r\n        <\/div>\r\n\r\n        \n\t<div class=\"wpb_text_column wpb_content_element\" >\n\t\t<div class=\"wpb_wrapper\">\n\t\t\t<h2>Services on request:<\/h2>\n\n\t\t<\/div>\n\t<\/div>\n\r\n\r\n        <div class=\"room-services-list room-services-list-page\">\r\n          <div class=\"row\">\r\n            \t\t\t\t\t\t\t\t<!-- SERVICE GRID ITEM -->\r\n                <div class=\"col-lg-3\">\r\n                  <div class=\"room-services-item\">\r\n                                          <i class=\"fa fa-bicycle\"><\/i>\r\n                                        E-bike rental                  <\/div>\r\n                <\/div>\r\n\r\n            \t\t\t\t\t\t\t\t<!-- SERVICE GRID ITEM -->\r\n                <div class=\"col-lg-3\">\r\n                  <div class=\"room-services-item\">\r\n                                          <i class=\"fas fa-map-signs\"><\/i>\r\n                                        Hiking tours                  <\/div>\r\n                <\/div>\r\n\r\n            \t\t\t\t\t\t\t\t<!-- SERVICE GRID ITEM -->\r\n                <div class=\"col-lg-3\">\r\n                  <div class=\"room-services-item\">\r\n                                          <i class=\"fas fa-shuttle-van\"><\/i>\r\n                                        Transit                  <\/div>\r\n                <\/div>\r\n\r\n            \t\t\t\t\t\t\t\t<!-- SERVICE GRID ITEM -->\r\n                <div class=\"col-lg-3\">\r\n                  <div class=\"room-services-item\">\r\n                                          <i class=\"fas fa-water\"><\/i>\r\n                                        Canoe tour                  <\/div>\r\n                <\/div>\r\n\r\n                                <\/div>\r\n        <\/div>\r\n\r\n        <\/div><\/div><\/div><\/div><div class=\"vc_row wpb_row vc_row-fluid\"><div class=\"wpb_column vc_column_container vc_col-sm-12\"><div class=\"vc_column-inner\"><div class=\"wpb_wrapper\"><a class=\"evc-button evc-shortcode  evc-btn-solid evc-btn-full-width evc-btn-has-icon\" href=\"https:\/\/domblick.de\/en\/kontakt\/\" title=\"Contact\" style=\"background-color: #deb666\" data-hover-background-color=\"#b89a57\">\n\t\t\n\t<span class=\"evc-btn-icon entypo-icon entypo-icon-suitcase\"><\/span>\n\t<span class=\"evc-btn-text\">Book now<\/span>\n<\/a>\n<\/div><\/div><\/div><\/div>\n<\/section>","protected":false},"excerpt":{"rendered":"","protected":false},"author":1,"featured_media":0,"parent":0,"menu_order":0,"comment_status":"closed","ping_status":"closed","template":"","meta":[],"_links":{"self":[{"href":"https:\/\/domblick.de\/en\/wp-json\/wp\/v2\/pages\/1206"}],"collection":[{"href":"https:\/\/domblick.de\/en\/wp-json\/wp\/v2\/pages"}],"about":[{"href":"https:\/\/domblick.de\/en\/wp-json\/wp\/v2\/types\/page"}],"author":[{"embeddable":true,"href":"https:\/\/domblick.de\/en\/wp-json\/wp\/v2\/users\/1"}],"replies":[{"embeddable":true,"href":"https:\/\/domblick.de\/en\/wp-json\/wp\/v2\/comments?post=1206"}],"version-history":[{"count":9,"href":"https:\/\/domblick.de\/en\/wp-json\/wp\/v2\/pages\/1206\/revisions"}],"predecessor-version":[{"id":3389,"href":"https:\/\/domblick.de\/en\/wp-json\/wp\/v2\/pages\/1206\/revisions\/3389"}],"wp:attachment":[{"href":"https:\/\/domblick.de\/en\/wp-json\/wp\/v2\/media?parent=1206"}],"curies":[{"name":"wp","href":"https:\/\/api.w.org\/{rel}","templated":true}]}}