{"id":25,"date":"2018-02-17T13:08:13","date_gmt":"2018-02-17T13:08:13","guid":{"rendered":"http:\/\/demo.zantetheme.com\/?page_id=25"},"modified":"2023-06-10T13:22:05","modified_gmt":"2023-06-10T11:22:05","slug":"die-pension-domblick-in-wetzlar","status":"publish","type":"page","link":"https:\/\/domblick.de\/en\/die-pension-domblick-in-wetzlar\/","title":{"rendered":"Pension"},"content":{"rendered":"<section class=\"wpb-content-wrapper\"><div data-vc-full-width=\"true\" data-vc-full-width-init=\"false\" class=\"vc_row wpb_row vc_row-fluid vc_custom_1531729276201\"><div class=\"wpb_column vc_column_container vc_col-sm-6\"><div class=\"vc_column-inner\"><div class=\"wpb_wrapper\">\t\t\t<div\r\n\t\t\t\tclass=\"main_title  text-left\">\r\n\t\t\t\t<h2 class=\"title\">Pension Domblick<\/h2>\r\n\t\t\t\t\t\t\t\t\t<p class=\"main_description\">Pension in Wetzlar - vacation in Hesse<\/p>\r\n\t\t\t\t\t\t\t<\/div>\r\n\t\t\n\t<div class=\"wpb_text_column wpb_content_element\" >\n\t\t<div class=\"wpb_wrapper\">\n\t\t\t<p><strong>We look forward to welcoming you personally as a guest in our house!<\/strong><\/p>\n<p>Our quiet Pension Domblick is located in the middle of the old town of Wetzlar \/ Hesse. Would you like to spend your free time with the amenities of a guesthouse in Wetzlar\/Hessen? At the same time conveniently located, yet quiet and surrounded by beautiful countryside? Do you appreciate a good breakfast? And all that with an attractive price\/performance ratio?<\/p>\n<p class=\" translation-block\">Whether you are interested in art and culture, would like to go on a hiking holiday or a tour by bike: we offer excursions and events for your holiday with us. The Lahn-Dill cycle path (R7+R10) leads directly past our guesthouse in Wetzlar. Also ideal for our cycling guests.<br>\nAre you looking for suitable accommodation for your vacation or a comfortable long weekend?<\/p>\n<p>You want to relax in a sophisticated, modern atmosphere. Would you like to spend your holidays at an ideal starting point for a cultural or city trip, long hikes or bike tours?<\/p>\n<p>&nbsp;<\/p>\n<blockquote>\n<p><img loading=\"lazy\" class=\"size-full wp-image-3209 alignleft\" src=\"http:\/\/wetzlar-pension.de\/wp-content\/uploads\/2023\/04\/hotel-chefin.jpg\" alt=\"Gastgeberin Hotel Pension Domblick in Wetzlar\" width=\"134\" height=\"178\" srcset=\"https:\/\/domblick.de\/domblick\/uploads\/2023\/04\/hotel-chefin.jpg 134w, https:\/\/domblick.de\/domblick\/uploads\/2023\/04\/hotel-chefin-60x80.jpg 60w\" sizes=\"(max-width: 134px) 100vw, 134px\" \/>I'm Ingrid, your hostess, and I look forward to welcoming you to our Pension Domblick in Wetzlar.<\/p>\n<\/blockquote>\n\n\t\t<\/div>\n\t<\/div>\n<\/div><\/div><\/div><div class=\"wpb_column vc_column_container vc_col-sm-6\"><div class=\"vc_column-inner\"><div class=\"wpb_wrapper\">\n\t<div  class=\"wpb_single_image wpb_content_element vc_align_left\">\n\t\t\n\t\t<figure class=\"wpb_wrapper vc_figure\">\n\t\t\t<div class=\"vc_single_image-wrapper   vc_box_border_grey\"><img class=\"vc_single_image-img\" src=\"https:\/\/domblick.de\/domblick\/uploads\/2023\/03\/Pension_Domblick_171125_0088_Andreas_Bender-scaled-913x1559.jpg\" width=\"913\" height=\"1559\" alt=\"Unser Hotel von vorne in der Langgasse Wetzlar\" title=\"Pension_Domblick_171125_0088_Andreas_Bender\" \/><\/div>\n\t\t<\/figure>\n\t<\/div>\n<\/div><\/div><\/div><\/div><div class=\"vc_row-full-width vc_clearfix\"><\/div><div class=\"vc_row wpb_row vc_row-fluid\"><div class=\"wpb_column vc_column_container vc_col-sm-12\"><div class=\"vc_column-inner\"><div class=\"wpb_wrapper\"><div class=\"vc_row wpb_row vc_inner vc_row-fluid\"><div class=\"wpb_column vc_column_container vc_col-sm-3\"><div class=\"vc_column-inner\"><div class=\"wpb_wrapper\"><div class=\"evc-counter evc-shortcode\">\n\t<div class=\"evc-c-inner\">\n\t\t\t\t\t<span class=\"evc-c-digit\" style=\"color: #deb668\">19<\/span>\n\t\t\t\t\t\t\t<h5 class=\"evc-c-title\" >\n\t\t\t\tRooms\t\t\t<\/h5>\n\t\t\t\t\t<\/div>\n<\/div>\n<\/div><\/div><\/div><div class=\"wpb_column vc_column_container vc_col-sm-3\"><div class=\"vc_column-inner\"><div class=\"wpb_wrapper\"><div class=\"evc-counter evc-shortcode\">\n\t<div class=\"evc-c-inner\">\n\t\t\t\t\t<span class=\"evc-c-digit\" style=\"color: #deb668\">1994<\/span>\n\t\t\t\t\t\t\t<h5 class=\"evc-c-title\" >\n\t\t\t\topened\t\t\t<\/h5>\n\t\t\t\t\t<\/div>\n<\/div>\n<\/div><\/div><\/div><div class=\"wpb_column vc_column_container vc_col-sm-3\"><div class=\"vc_column-inner\"><div class=\"wpb_wrapper\"><div class=\"evc-counter evc-shortcode\">\n\t<div class=\"evc-c-inner\">\n\t\t\t\t\t<span class=\"evc-c-digit\" style=\"color: #deb668\">6<\/span>\n\t\t\t\t\t\t\t<h5 class=\"evc-c-title\" >\n\t\t\t\tDomspatzen in the team\t\t\t<\/h5>\n\t\t\t\t\t<\/div>\n<\/div>\n<\/div><\/div><\/div><div class=\"wpb_column vc_column_container vc_col-sm-3\"><div class=\"vc_column-inner\"><div class=\"wpb_wrapper\"><div class=\"evc-counter evc-shortcode\">\n\t<div class=\"evc-c-inner\">\n\t\t\t\t\t<span class=\"evc-c-digit\" style=\"color: #deb668\">33<\/span>\n\t\t\t\t\t\t\t<h5 class=\"evc-c-title\" >\n\t\t\t\tcozy beds\t\t\t<\/h5>\n\t\t\t\t\t<\/div>\n<\/div>\n<\/div><\/div><\/div><\/div><div class=\"vc_empty_space\"   style=\"height: 50px\"><span class=\"vc_empty_space_inner\"><\/span><\/div>\n<div class=\"vc-zigzag-wrapper vc-zigzag-align-center\"><div class=\"vc-zigzag-inner\" style=\"width: 100%;min-height: 14px;background: 0 repeat-x url(&#039;data:image\/svg+xml;utf-8,%3C%3Fxml%20version%3D%221.0%22%20encoding%3D%22utf-8%22%3F%3E%3C%21DOCTYPE%20svg%20PUBLIC%20%22-%2F%2FW3C%2F%2FDTD%20SVG%201.1%2F%2FEN%22%20%22http%3A%2F%2Fwww.w3.org%2FGraphics%2FSVG%2F1.1%2FDTD%2Fsvg11.dtd%22%3E%3Csvg%20width%3D%2214px%22%20height%3D%2212px%22%20viewBox%3D%220%200%2018%2015%22%20version%3D%221.1%22%20xmlns%3D%22http%3A%2F%2Fwww.w3.org%2F2000%2Fsvg%22%20xmlns%3Axlink%3D%22http%3A%2F%2Fwww.w3.org%2F1999%2Fxlink%22%3E%3Cpolygon%20id%3D%22Combined-Shape%22%20fill%3D%22%23ebebeb%22%20points%3D%228.98762301%200%200%209.12771969%200%2014.519983%209%205.40479869%2018%2014.519983%2018%209.12771969%22%3E%3C%2Fpolygon%3E%3C%2Fsvg%3E&#039;);\"><\/div><\/div><div class=\"vc_empty_space\"   style=\"height: 50px\"><span class=\"vc_empty_space_inner\"><\/span><\/div>\t\t\t<div\r\n\t\t\t\tclass=\"main_title  text-left\">\r\n\t\t\t\t<h2 class=\"title\">We are known for our breakfast<\/h2>\r\n\t\t\t\t\t\t\t<\/div>\r\n\t\t<div class=\"vc_row wpb_row vc_inner vc_row-fluid\"><div class=\"wpb_column vc_column_container vc_col-sm-12\"><div class=\"vc_column-inner\"><div class=\"wpb_wrapper\">           \r\n            <div class=\"row\">\r\n\t            <div class=\"image-gallery\">\r\n\r\n                   \r\n                    <!-- GALLERY ITEM -->\r\n                    <div class=\"col-lg-3 col-sm-6\">\r\n                      <figure class=\"gradient-overlay-hover icon-zoom-hover zoom-image-hover\">\r\n                                                <a href=\"https:\/\/domblick.de\/domblick\/uploads\/2023\/03\/Hotel_Wettenberg_171201_0186_Andreas_Bender-scaled.jpg\">\r\n                          <img src=\"https:\/\/domblick.de\/domblick\/uploads\/2023\/03\/Hotel_Wettenberg_171201_0186_Andreas_Bender-scaled.jpg\" class=\"img-responsive\">\r\n                        <\/a>\r\n                                            <\/figure>\r\n                    <\/div>\r\n\r\n                    \r\n                    <!-- GALLERY ITEM -->\r\n                    <div class=\"col-lg-3 col-sm-6\">\r\n                      <figure class=\"gradient-overlay-hover icon-zoom-hover zoom-image-hover\">\r\n                                                <a href=\"https:\/\/domblick.de\/domblick\/uploads\/2023\/03\/Hotel_Wettenberg_171201_0153_Andreas_Bender-2-scaled.jpg\">\r\n                          <img src=\"https:\/\/domblick.de\/domblick\/uploads\/2023\/03\/Hotel_Wettenberg_171201_0153_Andreas_Bender-2-scaled.jpg\" class=\"img-responsive\">\r\n                        <\/a>\r\n                                            <\/figure>\r\n                    <\/div>\r\n\r\n                    \r\n                    <!-- GALLERY ITEM -->\r\n                    <div class=\"col-lg-3 col-sm-6\">\r\n                      <figure class=\"gradient-overlay-hover icon-zoom-hover zoom-image-hover\">\r\n                                                <a href=\"https:\/\/domblick.de\/domblick\/uploads\/2023\/03\/Hotel_Wettenberg_171201_0149_Andreas_Bender-scaled.jpg\">\r\n                          <img src=\"https:\/\/domblick.de\/domblick\/uploads\/2023\/03\/Hotel_Wettenberg_171201_0149_Andreas_Bender-scaled.jpg\" class=\"img-responsive\">\r\n                        <\/a>\r\n                                            <\/figure>\r\n                    <\/div>\r\n\r\n                    \r\n                    <!-- GALLERY ITEM -->\r\n                    <div class=\"col-lg-3 col-sm-6\">\r\n                      <figure class=\"gradient-overlay-hover icon-zoom-hover zoom-image-hover\">\r\n                                                <a href=\"https:\/\/domblick.de\/domblick\/uploads\/2023\/03\/Hotel_Wettenberg_171201_0148_Andreas_Bender-scaled.jpg\">\r\n                          <img src=\"https:\/\/domblick.de\/domblick\/uploads\/2023\/03\/Hotel_Wettenberg_171201_0148_Andreas_Bender-scaled.jpg\" class=\"img-responsive\">\r\n                        <\/a>\r\n                                            <\/figure>\r\n                    <\/div>\r\n\r\n                    \r\n                    <!-- GALLERY ITEM -->\r\n                    <div class=\"col-lg-3 col-sm-6\">\r\n                      <figure class=\"gradient-overlay-hover icon-zoom-hover zoom-image-hover\">\r\n                                                <a href=\"https:\/\/domblick.de\/domblick\/uploads\/2023\/03\/Hotel_Wettenberg_171201_0145_Andreas_Bender-scaled.jpg\">\r\n                          <img src=\"https:\/\/domblick.de\/domblick\/uploads\/2023\/03\/Hotel_Wettenberg_171201_0145_Andreas_Bender-scaled.jpg\" class=\"img-responsive\">\r\n                        <\/a>\r\n                                            <\/figure>\r\n                    <\/div>\r\n\r\n                    \r\n                    <!-- GALLERY ITEM -->\r\n                    <div class=\"col-lg-3 col-sm-6\">\r\n                      <figure class=\"gradient-overlay-hover icon-zoom-hover zoom-image-hover\">\r\n                                                <a href=\"https:\/\/domblick.de\/domblick\/uploads\/2023\/03\/Pension_Domblick_171125_0121_Andreas_Bender-scaled.jpg\">\r\n                          <img src=\"https:\/\/domblick.de\/domblick\/uploads\/2023\/03\/Pension_Domblick_171125_0121_Andreas_Bender-scaled.jpg\" class=\"img-responsive\">\r\n                        <\/a>\r\n                                            <\/figure>\r\n                    <\/div>\r\n\r\n                    \r\n                    <!-- GALLERY ITEM -->\r\n                    <div class=\"col-lg-3 col-sm-6\">\r\n                      <figure class=\"gradient-overlay-hover icon-zoom-hover zoom-image-hover\">\r\n                                                <a href=\"https:\/\/domblick.de\/domblick\/uploads\/2023\/03\/Pension_Domblick_171125_0106_Andreas_Bender-scaled.jpg\">\r\n                          <img src=\"https:\/\/domblick.de\/domblick\/uploads\/2023\/03\/Pension_Domblick_171125_0106_Andreas_Bender-scaled.jpg\" class=\"img-responsive\">\r\n                        <\/a>\r\n                                            <\/figure>\r\n                    <\/div>\r\n\r\n                    \r\n                    <!-- GALLERY ITEM -->\r\n                    <div class=\"col-lg-3 col-sm-6\">\r\n                      <figure class=\"gradient-overlay-hover icon-zoom-hover zoom-image-hover\">\r\n                                                <a href=\"https:\/\/domblick.de\/domblick\/uploads\/2023\/03\/Hotel_Wettenberg_171201_0154_Andreas_Bender-scaled.jpg\">\r\n                          <img src=\"https:\/\/domblick.de\/domblick\/uploads\/2023\/03\/Hotel_Wettenberg_171201_0154_Andreas_Bender-scaled.jpg\" class=\"img-responsive\">\r\n                        <\/a>\r\n                                            <\/figure>\r\n                    <\/div>\r\n\r\n                    \r\n\t                \t            <\/div>\r\n            <\/div>\r\n\r\n        \n\t<div class=\"wpb_text_column wpb_content_element\" >\n\t\t<div class=\"wpb_wrapper\">\n\t\t\t<p>Our guest is king and of course has to dine like a king. That's why our breakfast buffet is well stocked and won't leave your mouth dry.<\/p>\n<p>Das Fr\u00fchst\u00fcck in der Pension Domblick umfasst alles, was das Herz begehrt. Frische Br\u00f6tchen, diverse Wurst- und K\u00e4sesorten, Obst, M\u00fcsli, Kuchen, Kaffee, Tee und vieles mehr. <strong>Vegan and vegetarian breakfasts are available on request and for an additional charge.<\/strong><\/p>\n\n\t\t<\/div>\n\t<\/div>\n<\/div><\/div><\/div><\/div><div class=\"vc_empty_space\"   style=\"height: 50px\"><span class=\"vc_empty_space_inner\"><\/span><\/div>\n\t<div class=\"wpb_text_column wpb_content_element\" >\n\t\t<div class=\"wpb_wrapper\">\n\t\t\t<div class=\"x11i5rnm xat24cr x1mh8g0r x1vvkbs xdj266r x126k92a\">\n<blockquote>\n<div dir=\"auto\" style=\"padding-left: 80px;\">Post-Certification of Quality Hosts in Wanderable Germany The Tourist Information provides information about the hosts in Wetzlar, but also supports them with classifications and certifications. Anja Zarge, deputy manager of our tourist information, handed over to Ingrid Schr\u00f6der, owner of the Pension Domblick. ~ <a href=\"https:\/\/www.wetzlar.de\/microsite\/tourismus-blog\/index.php\" target=\"_blank\" rel=\"noopener\">Wetzlar.de<\/a><\/div>\n<\/blockquote>\n<\/div>\n\n\t\t<\/div>\n\t<\/div>\n<\/div><\/div><\/div><\/div><div class=\"vc_row wpb_row vc_row-fluid\"><div class=\"wpb_column vc_column_container vc_col-sm-12\"><div class=\"vc_column-inner\"><div class=\"wpb_wrapper\">\t\t\t<div\r\n\t\t\t\tclass=\"main_title  text-left\">\r\n\t\t\t\t<h2 class=\"title\">Awards<\/h2>\r\n\t\t\t\t\t\t\t<\/div>\r\n\t\t<div class=\"vc_row wpb_row vc_inner vc_row-fluid\"><div class=\"wpb_column vc_column_container vc_col-sm-4\"><div class=\"vc_column-inner\"><div class=\"wpb_wrapper\">\r\n            <div class=\"award-item\">\r\n              <figure>\r\n                <img src=\"https:\/\/domblick.de\/domblick\/uploads\/2023\/03\/Qualitaetsgastgeber-allgemein-600x666-1-e1680288844742.png\" class=\"img-fluid\" alt=\"Award\">\r\n                <figcaption>\r\n                  Wanderbares Deutschland                <\/figcaption>\r\n              <\/figure>\r\n            <\/div>\r\n\r\n\r\n        <\/div><\/div><\/div><div class=\"wpb_column vc_column_container vc_col-sm-4\"><div class=\"vc_column-inner\"><div class=\"wpb_wrapper\">\r\n            <div class=\"award-item\">\r\n              <figure>\r\n                <img src=\"https:\/\/domblick.de\/domblick\/uploads\/2023\/04\/ADFC-Logo_2009_1.svg_.png\" class=\"img-fluid\" alt=\"Award\">\r\n                <figcaption>\r\n                  Member of the ADFC                <\/figcaption>\r\n              <\/figure>\r\n            <\/div>\r\n\r\n\r\n        <\/div><\/div><\/div><div class=\"wpb_column vc_column_container vc_col-sm-4\"><div class=\"vc_column-inner\"><div class=\"wpb_wrapper\">\r\n            <div class=\"award-item\">\r\n              <figure>\r\n                <img src=\"https:\/\/domblick.de\/domblick\/uploads\/2023\/04\/HOKLA_Logo_RZ_4C.png\" class=\"img-fluid\" alt=\"Award\">\r\n                <figcaption>\r\n                  3 star classification by DEHOGA                <\/figcaption>\r\n              <\/figure>\r\n            <\/div>\r\n\r\n\r\n        <\/div><\/div><\/div><\/div><\/div><\/div><\/div><\/div><div class=\"vc_row wpb_row vc_row-fluid\"><div class=\"wpb_column vc_column_container vc_col-sm-12\"><div class=\"vc_column-inner\"><div class=\"wpb_wrapper\"><\/div><\/div><\/div><\/div>\n<\/section>","protected":false},"excerpt":{"rendered":"Pension Domblick Pension in Wetzlar - Urlaub in Hessen Wir freuen uns darauf, Sie schon bald pers\u00f6nlich als Gast in unserem Haus willkommen hei\u00dfen zu d\u00fcrfen! Unsere ruhige Pension Domblick liegt mitten in der Altstadt von Wetzlar \/Hessen. Sie w\u00fcnschen sich eine Freizeit mit den Annehmlichkeiten einer Pension in Wetzlar\/Hessen? Gleichzeitig verkehrsg\u00fcnstig gelegen, zugleich ruhig [...]","protected":false},"author":1,"featured_media":0,"parent":0,"menu_order":0,"comment_status":"closed","ping_status":"closed","template":"","meta":[],"_links":{"self":[{"href":"https:\/\/domblick.de\/en\/wp-json\/wp\/v2\/pages\/25"}],"collection":[{"href":"https:\/\/domblick.de\/en\/wp-json\/wp\/v2\/pages"}],"about":[{"href":"https:\/\/domblick.de\/en\/wp-json\/wp\/v2\/types\/page"}],"author":[{"embeddable":true,"href":"https:\/\/domblick.de\/en\/wp-json\/wp\/v2\/users\/1"}],"replies":[{"embeddable":true,"href":"https:\/\/domblick.de\/en\/wp-json\/wp\/v2\/comments?post=25"}],"version-history":[{"count":8,"href":"https:\/\/domblick.de\/en\/wp-json\/wp\/v2\/pages\/25\/revisions"}],"predecessor-version":[{"id":3318,"href":"https:\/\/domblick.de\/en\/wp-json\/wp\/v2\/pages\/25\/revisions\/3318"}],"wp:attachment":[{"href":"https:\/\/domblick.de\/en\/wp-json\/wp\/v2\/media?parent=25"}],"curies":[{"name":"wp","href":"https:\/\/api.w.org\/{rel}","templated":true}]}}