{"id":3138,"date":"2023-04-08T18:03:03","date_gmt":"2023-04-08T16:03:03","guid":{"rendered":"http:\/\/wetzlar-pension.de\/?page_id=3138"},"modified":"2023-04-30T13:03:55","modified_gmt":"2023-04-30T11:03:55","slug":"wandertouren","status":"publish","type":"page","link":"https:\/\/domblick.de\/en\/wandertouren\/","title":{"rendered":"Hiking tours"},"content":{"rendered":"<section class=\"wpb-content-wrapper\"><div class=\"vc_row wpb_row vc_row-fluid\"><div class=\"wpb_column vc_column_container vc_col-sm-12\"><div class=\"vc_column-inner\"><div class=\"wpb_wrapper\">\n\t<div class=\"wpb_text_column wpb_content_element\" >\n\t\t<div class=\"wpb_wrapper\">\n\t\t\t<h2>Hiking routes on the Lahn<\/h2>\n\n\t\t<\/div>\n\t<\/div>\n<div class=\"vc_separator wpb_content_element vc_separator_align_center vc_sep_width_100 vc_sep_pos_align_center vc_separator_no_text vc_sep_color_grey\" ><span class=\"vc_sep_holder vc_sep_holder_l\"><span class=\"vc_sep_line\"><\/span><\/span><span class=\"vc_sep_holder vc_sep_holder_r\"><span class=\"vc_sep_line\"><\/span><\/span>\n<\/div><\/div><\/div><\/div><\/div><div class=\"vc_row wpb_row vc_row-fluid\"><div class=\"wpb_column vc_column_container vc_col-sm-4\"><div class=\"vc_column-inner\"><div class=\"wpb_wrapper\">\n\t<div class=\"wpb_text_column wpb_content_element\" >\n\t\t<div class=\"wpb_wrapper\">\n\t\t\t<p><img loading=\"lazy\" class=\"alignleft wp-image-3142 size-medium\" title=\"Eine beliebte Wandertour Lahnwanderweg Lahn Dill Kreis Wetzlar Wanterrroute wanderweg etappen\" src=\"https:\/\/domblick.de\/domblick\/uploads\/2023\/04\/LAWAA\u00ae-Bildmarke-RGB-300x134.jpg\" alt=\"Eine beliebte Wandertour Lahnwanderweg Lahn Dill Kreis Wetzlar Wanterrroute wanderweg etappen\" width=\"300\" height=\"134\" srcset=\"https:\/\/domblick.de\/domblick\/uploads\/2023\/04\/LAWAA\u00ae-Bildmarke-RGB-300x134.jpg 300w, https:\/\/domblick.de\/domblick\/uploads\/2023\/04\/LAWAA\u00ae-Bildmarke-RGB-1024x458.jpg 1024w, https:\/\/domblick.de\/domblick\/uploads\/2023\/04\/LAWAA\u00ae-Bildmarke-RGB-768x344.jpg 768w, https:\/\/domblick.de\/domblick\/uploads\/2023\/04\/LAWAA\u00ae-Bildmarke-RGB-80x36.jpg 80w, https:\/\/domblick.de\/domblick\/uploads\/2023\/04\/LAWAA\u00ae-Bildmarke-RGB.jpg 1240w\" sizes=\"(max-width: 300px) 100vw, 300px\" \/><\/p>\n\n\t\t<\/div>\n\t<\/div>\n<\/div><\/div><\/div><div class=\"wpb_column vc_column_container vc_col-sm-8\"><div class=\"vc_column-inner\"><div class=\"wpb_wrapper\">\n\t<div class=\"wpb_text_column wpb_content_element\" >\n\t\t<div class=\"wpb_wrapper\">\n\t\t\t<p>The Lahn hiking trail leads 295 km over mountains and valleys, forests and meadows, towns and villages through the entire Lahn valley to the Rhine.<\/p>\n<p>The length of the 19 stages is chosen so that there is enough time to enjoy and to discover the villages, towns, castles and palaces.<br \/>\n<strong><a href=\"https:\/\/www.lahnwanderweg.de\/de\/\" target=\"_blank\" rel=\"noopener\">to the Lahn hiking trail<\/a>\u00a0\u00a0<\/strong> <i class=\"fas fa-arrow-right\"><\/i><\/p>\n\n\t\t<\/div>\n\t<\/div>\n<\/div><\/div><\/div><div class=\"wpb_column vc_column_container vc_col-sm-12\"><div class=\"vc_column-inner\"><div class=\"wpb_wrapper\">\n<div class=\"vc-zigzag-wrapper vc_custom_1680977929376 vc-zigzag-align-center\"><div class=\"vc-zigzag-inner\" style=\"width: 100%;min-height: 14px;background: 0 repeat-x url(&#039;data:image\/svg+xml;utf-8,%3C%3Fxml%20version%3D%221.0%22%20encoding%3D%22utf-8%22%3F%3E%3C%21DOCTYPE%20svg%20PUBLIC%20%22-%2F%2FW3C%2F%2FDTD%20SVG%201.1%2F%2FEN%22%20%22http%3A%2F%2Fwww.w3.org%2FGraphics%2FSVG%2F1.1%2FDTD%2Fsvg11.dtd%22%3E%3Csvg%20width%3D%2214px%22%20height%3D%2212px%22%20viewBox%3D%220%200%2018%2015%22%20version%3D%221.1%22%20xmlns%3D%22http%3A%2F%2Fwww.w3.org%2F2000%2Fsvg%22%20xmlns%3Axlink%3D%22http%3A%2F%2Fwww.w3.org%2F1999%2Fxlink%22%3E%3Cpolygon%20id%3D%22Combined-Shape%22%20fill%3D%22%23ebebeb%22%20points%3D%228.98762301%200%200%209.12771969%200%2014.519983%209%205.40479869%2018%2014.519983%2018%209.12771969%22%3E%3C%2Fpolygon%3E%3C%2Fsvg%3E&#039;);\"><\/div><\/div><\/div><\/div><\/div><\/div><div class=\"vc_row wpb_row vc_row-fluid\"><div class=\"wpb_column vc_column_container vc_col-sm-4\"><div class=\"vc_column-inner\"><div class=\"wpb_wrapper\">\n\t<div class=\"wpb_text_column wpb_content_element\" >\n\t\t<div class=\"wpb_wrapper\">\n\t\t\t<p><img loading=\"lazy\" class=\"alignnone wp-image-3144\" title=\"Wandertour Bergmanns route wanderweg wetzlar lahn dill kreis nordic walking fahrradweg\" src=\"https:\/\/domblick.de\/domblick\/uploads\/2023\/04\/bergmannsroute-300x289.gif\" alt=\"Wandertour Bergmanns route wanderweg wetzlar lahn dill kreis nordic walking fahrradweg\" width=\"162\" height=\"156\" srcset=\"https:\/\/domblick.de\/domblick\/uploads\/2023\/04\/bergmannsroute-300x289.gif 300w, https:\/\/domblick.de\/domblick\/uploads\/2023\/04\/bergmannsroute-80x77.gif 80w\" sizes=\"(max-width: 162px) 100vw, 162px\" \/><\/p>\n\n\t\t<\/div>\n\t<\/div>\n<\/div><\/div><\/div><div class=\"wpb_column vc_column_container vc_col-sm-8\"><div class=\"vc_column-inner\"><div class=\"wpb_wrapper\">\n\t<div class=\"wpb_text_column wpb_content_element\" >\n\t\t<div class=\"wpb_wrapper\">\n\t\t\t<p>Hike the miners' route on the Lahnwanderweg. The Lahn-Dill region was characterized by mining for a long time.<\/p>\n<p>The 26-kilometer hike between Wetzlar and Braunfels can also be done in sections.<\/p>\n<p><strong><a href=\"https:\/\/www.wetzlar.de\/microsite\/tourismus-blog\/tipps\/wandern-auf-der-bergmannsroute.php\" target=\"_blank\" rel=\"noopener\">to the miners' route<\/a>\u00a0\u00a0<\/strong> <i class=\"fas fa-arrow-right\"><\/i><\/p>\n\n\t\t<\/div>\n\t<\/div>\n<\/div><\/div><\/div><div class=\"wpb_column vc_column_container vc_col-sm-12\"><div class=\"vc_column-inner\"><div class=\"wpb_wrapper\">\n<div class=\"vc-zigzag-wrapper vc_custom_1680977976022 vc-zigzag-align-center\"><div class=\"vc-zigzag-inner\" style=\"width: 100%;min-height: 14px;background: 0 repeat-x url(&#039;data:image\/svg+xml;utf-8,%3C%3Fxml%20version%3D%221.0%22%20encoding%3D%22utf-8%22%3F%3E%3C%21DOCTYPE%20svg%20PUBLIC%20%22-%2F%2FW3C%2F%2FDTD%20SVG%201.1%2F%2FEN%22%20%22http%3A%2F%2Fwww.w3.org%2FGraphics%2FSVG%2F1.1%2FDTD%2Fsvg11.dtd%22%3E%3Csvg%20width%3D%2214px%22%20height%3D%2212px%22%20viewBox%3D%220%200%2018%2015%22%20version%3D%221.1%22%20xmlns%3D%22http%3A%2F%2Fwww.w3.org%2F2000%2Fsvg%22%20xmlns%3Axlink%3D%22http%3A%2F%2Fwww.w3.org%2F1999%2Fxlink%22%3E%3Cpolygon%20id%3D%22Combined-Shape%22%20fill%3D%22%23ebebeb%22%20points%3D%228.98762301%200%200%209.12771969%200%2014.519983%209%205.40479869%2018%2014.519983%2018%209.12771969%22%3E%3C%2Fpolygon%3E%3C%2Fsvg%3E&#039;);\"><\/div><\/div><\/div><\/div><\/div><\/div><div class=\"vc_row wpb_row vc_row-fluid\"><div class=\"wpb_column vc_column_container vc_col-sm-4\"><div class=\"vc_column-inner\"><div class=\"wpb_wrapper\">\n\t<div class=\"wpb_text_column wpb_content_element\" >\n\t\t<div class=\"wpb_wrapper\">\n\t\t\t<p><img loading=\"lazy\" class=\"alignnone wp-image-3153\" src=\"http:\/\/wetzlar-pension.de\/wp-content\/uploads\/2023\/04\/csm_Logo_LDB_3db799f2b2-e1680977767221-300x177.webp\" alt=\"Lahn Dill Bergland Naturpark sch\u00f6n zum wandern und Fahrradfahren\" width=\"275\" height=\"162\" srcset=\"https:\/\/domblick.de\/domblick\/uploads\/2023\/04\/csm_Logo_LDB_3db799f2b2-e1680977767221-300x177.webp 300w, https:\/\/domblick.de\/domblick\/uploads\/2023\/04\/csm_Logo_LDB_3db799f2b2-e1680977767221-80x47.webp 80w, https:\/\/domblick.de\/domblick\/uploads\/2023\/04\/csm_Logo_LDB_3db799f2b2-e1680977767221.webp 453w\" sizes=\"(max-width: 275px) 100vw, 275px\" \/><\/p>\n\n\t\t<\/div>\n\t<\/div>\n<\/div><\/div><\/div><div class=\"wpb_column vc_column_container vc_col-sm-8\"><div class=\"vc_column-inner\"><div class=\"wpb_wrapper\">\n\t<div class=\"wpb_text_column wpb_content_element\" >\n\t\t<div class=\"wpb_wrapper\">\n\t\t\t<p>This beautiful natural park landscape invites every hiker to forget the time, to relax and to enjoy time in nature.<\/p>\n<p>18 extra tours and the Lahn-Dill-Bergland-Path are all designed as circular hiking trails and are between 9 and 36 km long.<\/p>\n<p><strong><a href=\"https:\/\/naturpark.lahn-dill-bergland.de\/wandern\/pauschalangebote\/\" target=\"_blank\" rel=\"noopener\">to the Lahn-Dill-Bergland<\/a>\u00a0\u00a0<\/strong> <i class=\"fas fa-arrow-right\"><\/i><\/p>\n\n\t\t<\/div>\n\t<\/div>\n<\/div><\/div><\/div><div class=\"wpb_column vc_column_container vc_col-sm-12\"><div class=\"vc_column-inner\"><div class=\"wpb_wrapper\">\n<div class=\"vc-zigzag-wrapper vc-zigzag-align-center\"><div class=\"vc-zigzag-inner\" style=\"width: 100%;min-height: 14px;background: 0 repeat-x url(&#039;data:image\/svg+xml;utf-8,%3C%3Fxml%20version%3D%221.0%22%20encoding%3D%22utf-8%22%3F%3E%3C%21DOCTYPE%20svg%20PUBLIC%20%22-%2F%2FW3C%2F%2FDTD%20SVG%201.1%2F%2FEN%22%20%22http%3A%2F%2Fwww.w3.org%2FGraphics%2FSVG%2F1.1%2FDTD%2Fsvg11.dtd%22%3E%3Csvg%20width%3D%2214px%22%20height%3D%2212px%22%20viewBox%3D%220%200%2018%2015%22%20version%3D%221.1%22%20xmlns%3D%22http%3A%2F%2Fwww.w3.org%2F2000%2Fsvg%22%20xmlns%3Axlink%3D%22http%3A%2F%2Fwww.w3.org%2F1999%2Fxlink%22%3E%3Cpolygon%20id%3D%22Combined-Shape%22%20fill%3D%22%23ebebeb%22%20points%3D%228.98762301%200%200%209.12771969%200%2014.519983%209%205.40479869%2018%2014.519983%2018%209.12771969%22%3E%3C%2Fpolygon%3E%3C%2Fsvg%3E&#039;);\"><\/div><\/div><\/div><\/div><\/div><\/div><div class=\"vc_row wpb_row vc_row-fluid\"><div class=\"wpb_column vc_column_container vc_col-sm-4\"><div class=\"vc_column-inner\"><div class=\"wpb_wrapper\">\n\t<div class=\"wpb_text_column wpb_content_element\" >\n\t\t<div class=\"wpb_wrapper\">\n\t\t\t<p><img loading=\"lazy\" class=\"alignnone wp-image-3224\" src=\"http:\/\/wetzlar-pension.de\/wp-content\/uploads\/2023\/04\/logo-3-tuerme-weg-e1682543936350-241x300.jpg\" alt=\"3 T\u00fcrme Wanderung Weg in Wetzlar Lahntal\" width=\"159\" height=\"198\" srcset=\"https:\/\/domblick.de\/domblick\/uploads\/2023\/04\/logo-3-tuerme-weg-e1682543936350-241x300.jpg 241w, https:\/\/domblick.de\/domblick\/uploads\/2023\/04\/logo-3-tuerme-weg-e1682543936350-768x955.jpg 768w, https:\/\/domblick.de\/domblick\/uploads\/2023\/04\/logo-3-tuerme-weg-e1682543936350-64x80.jpg 64w, https:\/\/domblick.de\/domblick\/uploads\/2023\/04\/logo-3-tuerme-weg-e1682543936350.jpg 777w\" sizes=\"(max-width: 159px) 100vw, 159px\" \/><\/p>\n\n\t\t<\/div>\n\t<\/div>\n<\/div><\/div><\/div><div class=\"wpb_column vc_column_container vc_col-sm-8\"><div class=\"vc_column-inner\"><div class=\"wpb_wrapper\">\n\t<div class=\"wpb_text_column wpb_content_element\" >\n\t\t<div class=\"wpb_wrapper\">\n\t\t\t<p>The Wetzlar 3 Towers Trail is one of the Lahn facets, the certified hiking trails in the Lahn Valley. The trail was recognized as a \u201cquality trail for cultural experiences\u201d by the German Hiking Association. It leads around the former imperial city of Wetzlar for a good 20 kilometers. An abbreviation divides the trail into a 11.3-kilometer northern variant and a 15.7-kilometer southern variant. <em>(<a href=\"https:\/\/www.outdooractive.com\/de\/route\/wanderung\/wetzlar\/wetzlarer-3-tuerme-weg\/43380532\/\" target=\"_blank\" rel=\"noopener\">Outdooractive<\/a>)<\/em><\/p>\n<p><a href=\"https:\/\/www.wetzlar.de\/tourismus\/entdecken-und-erleben\/aktiv-in-wetzlar\/wandern-und-walking\/wetzlarer-3-tuerme-weg.php\" target=\"_blank\" rel=\"noopener\"><strong>to the 3 towers path<\/strong><\/a> <i class=\"fas fa-arrow-right\"><\/i><\/p>\n\n\t\t<\/div>\n\t<\/div>\n<\/div><\/div><\/div><\/div><div class=\"vc_row wpb_row vc_row-fluid\"><div class=\"wpb_column vc_column_container vc_col-sm-12\"><div class=\"vc_column-inner\"><div class=\"wpb_wrapper\">\n<div class=\"vc-zigzag-wrapper vc-zigzag-align-center\"><div class=\"vc-zigzag-inner\" style=\"width: 100%;min-height: 14px;background: 0 repeat-x url(&#039;data:image\/svg+xml;utf-8,%3C%3Fxml%20version%3D%221.0%22%20encoding%3D%22utf-8%22%3F%3E%3C%21DOCTYPE%20svg%20PUBLIC%20%22-%2F%2FW3C%2F%2FDTD%20SVG%201.1%2F%2FEN%22%20%22http%3A%2F%2Fwww.w3.org%2FGraphics%2FSVG%2F1.1%2FDTD%2Fsvg11.dtd%22%3E%3Csvg%20width%3D%2214px%22%20height%3D%2212px%22%20viewBox%3D%220%200%2018%2015%22%20version%3D%221.1%22%20xmlns%3D%22http%3A%2F%2Fwww.w3.org%2F2000%2Fsvg%22%20xmlns%3Axlink%3D%22http%3A%2F%2Fwww.w3.org%2F1999%2Fxlink%22%3E%3Cpolygon%20id%3D%22Combined-Shape%22%20fill%3D%22%23ebebeb%22%20points%3D%228.98762301%200%200%209.12771969%200%2014.519983%209%205.40479869%2018%2014.519983%2018%209.12771969%22%3E%3C%2Fpolygon%3E%3C%2Fsvg%3E&#039;);\"><\/div><\/div><\/div><\/div><\/div><\/div>\n<\/section>","protected":false},"excerpt":{"rendered":"Wanderrouten an der Lahn Der Lahnwanderweg f\u00fchrt in 295 km \u00fcber Berg und Tal, Wald und Aue, Stadt und Dorf durch das ganze Lahntal bis zum Rhein. Die L\u00e4nge der insgesamt 19 Etappen ist so gew\u00e4hlt, dass ausreichend Zeit zum Genie\u00dfen und zum Entdecken der D\u00f6rfer, St\u00e4dte, Burgen und Schl\u00f6sser bleibt. zum Lahnwanderweg\u00a0\u00a0 Wandern Sie [...]","protected":false},"author":1,"featured_media":0,"parent":0,"menu_order":0,"comment_status":"closed","ping_status":"closed","template":"","meta":[],"_links":{"self":[{"href":"https:\/\/domblick.de\/en\/wp-json\/wp\/v2\/pages\/3138"}],"collection":[{"href":"https:\/\/domblick.de\/en\/wp-json\/wp\/v2\/pages"}],"about":[{"href":"https:\/\/domblick.de\/en\/wp-json\/wp\/v2\/types\/page"}],"author":[{"embeddable":true,"href":"https:\/\/domblick.de\/en\/wp-json\/wp\/v2\/users\/1"}],"replies":[{"embeddable":true,"href":"https:\/\/domblick.de\/en\/wp-json\/wp\/v2\/comments?post=3138"}],"version-history":[{"count":21,"href":"https:\/\/domblick.de\/en\/wp-json\/wp\/v2\/pages\/3138\/revisions"}],"predecessor-version":[{"id":3263,"href":"https:\/\/domblick.de\/en\/wp-json\/wp\/v2\/pages\/3138\/revisions\/3263"}],"wp:attachment":[{"href":"https:\/\/domblick.de\/en\/wp-json\/wp\/v2\/media?parent=3138"}],"curies":[{"name":"wp","href":"https:\/\/api.w.org\/{rel}","templated":true}]}}