{"id":3328,"date":"2023-09-26T22:18:35","date_gmt":"2023-09-26T20:18:35","guid":{"rendered":"https:\/\/domblick.de\/?page_id=3328"},"modified":"2024-10-20T13:38:23","modified_gmt":"2024-10-20T11:38:23","slug":"agb","status":"publish","type":"page","link":"https:\/\/domblick.de\/en\/agb\/","title":{"rendered":"AGB&#8217;s"},"content":{"rendered":"<section class=\"wpb-content-wrapper\"><div class=\"vc_row wpb_row vc_row-fluid\"><div class=\"wpb_column vc_column_container vc_col-sm-12\"><div class=\"vc_column-inner\"><div class=\"wpb_wrapper\">\n\t<div class=\"wpb_text_column wpb_content_element\" >\n\t\t<div class=\"wpb_wrapper\">\n\t\t\t<h2 style=\"text-align: center;\"><strong><img loading=\"lazy\" class=\"wp-image-3335 aligncenter\" src=\"https:\/\/domblick.de\/domblick\/uploads\/2023\/09\/Kopie-von-dom.bmp\" alt=\"\" width=\"262\" height=\"150\" \/><br \/>\nAllgemeine Gesch\u00e4ftsbedingungen f\u00fcr Tagungen<br \/>\nund Veranstaltungen in Pension Domblick<\/strong><\/h2>\n<p style=\"text-align: center;\">Stand: 20.10.2024<\/p>\n<p>Sehr geehrter Gast.<\/p>\n\n\t\t<\/div>\n\t<\/div>\n<\/div><\/div><\/div><\/div><div class=\"vc_row wpb_row vc_row-fluid\"><div class=\"wpb_column vc_column_container vc_col-sm-6\"><div class=\"vc_column-inner\"><div class=\"wpb_wrapper\">\n\t<div class=\"wpb_text_column wpb_content_element\" >\n\t\t<div class=\"wpb_wrapper\">\n\t\t\t<p>1. Der Vertrag ist abgeschlossen, sobald das \/ die Zimmer bestellt und zugesagt oder, falls eine Zusage aus Zeitgr\u00fcnden nicht mehr m\u00f6glich ist, bereitgestellt wird\/werden. M\u00fcndliche Abreden werden erst wirksam, wenn sie vom Hotel schriftlich best\u00e4tigt wurden.<\/p>\n<p>2. Optionsdaten sind f\u00fcr beide Vertragpartner bindend. Das Hotel beh\u00e4lt sich das Recht vor, nach Ablauf der Optionsdaten die reservierten Tagungsr\u00e4ume \/ Zimmer anderweitig zu vergeben.<\/p>\n<p>3. Bei Anmeldung von mehreren Personen, insbesondere von Gruppen, soll im allseitigen Interesse die Teilnehmerliste mindestens f\u00fcnf Tage vor Ankunft dem Hotel zur Verf\u00fcgung stehen.<\/p>\n<p>4. Weicht der Inhalt der Reservierungsbest\u00e4tigung von dem Inhalt der Anmeldung ab, wird der abweichende Inhalt der Best\u00e4tigung f\u00fcr den Gast und den Hotelier dann verbindlich, wenn der Gast nicht innerhalb von 10 Tagen von der angebotenen R\u00fccktrittsm\u00f6glichkeit Gebrauch macht.<\/p>\n<p>5. Reservierte Tagungsr\u00e4ume stehen dem Leistungsteilnehmer nur zu der schriftlich vereinbarten Zeit zur Verf\u00fcgung. Eine Inanspruchnahme der R\u00e4ume \u00fcber den vereinbarten Zeitraum hinaus bedarf der vorherigen R\u00fccksprache mit dem Hotel. Reservierte Hotelzimmer stehen dem Gast von 15.00 Uhr am Anreisetag bis 11.00 Uhr am Abreisetag zur Verf\u00fcgung. Sofern nicht ausdr\u00fccklich eine Ankunftszeit vereinbart wurde, beh\u00e4lt sich das Hotel das Recht vor, bestellte Hotelzimmer nach 18.00 Uhr anderweitig zu vergeben.<\/p>\n<p>6. Der Gast wird gebeten, bei vorzeitiger Abreise seine Abreise dem Empfang bis sp\u00e4testens 20.00 Uhr am Vortag der Abreise mitzuteilen, bei Abreise bis 18.00 Uhr ist der halbe Zimmerpreis, nach 18.00 Uhr der volle Zimmerpreis zu zahlen.<\/p>\n<p>7. Welche Leistungen vertraglich vereinbart sind, ergibt sich aus der Ausschreibung in der Tagungspauschale und aus den Angaben in der Reservierungsbest\u00e4tigung, die darauf Bezug nimmt. Soweit nichts anderes vereinbart ist, gelten die Angaben in unseren Tagungspauschalen und den jeweils g\u00fcltigen Preislisten.<\/p>\n<p>8. Eine R\u00fcckverg\u00fctung bestellter, aber nicht in Anspruch genommener Leistungen ist nicht m\u00f6glich.<\/p>\n<p>9. Die ausgezeichneten Preise sind Inklusivpreise und verstehen sich einschlie\u00dflich Bedienungsgeld und der jeweils g\u00fcltigen gesetzlichen Mehrwertsteuer.<\/p>\n<p>10. \u00dcberschreitet der Zeitraum zwischen Vertragsabschlu\u00df und Leistungserstellung sechs Monate, so beh\u00e4lt sich das Hotel das Recht vor, Preis\u00e4nderungen ohne vorherige Ank\u00fcndigungen vorzunehmen.<\/p>\n<p>11. \u00c4ndert sich nach Vertragsabschluss der Satz der gesetzlichen Mehrwertsteuer, so \u00e4ndert sich der vereinbarte Preis entsprechend.<\/p>\n<p>12. Bei Um- bzw. Abbestellen von reservierten R\u00e4umen\/Zimmern und Arrangement werden in Rechnung gestellt:<\/p>\n<p><strong>Bis 42 Tage vor Anreise bzw. Bezug der Zimmer &#8211; Keine Kosten<\/strong><br \/>\n<strong>41-21 Tage vor Anreise bzw. Bezug der Zimmer 45% der vereinbarten Kosten<\/strong><br \/>\n<strong>20-10 Tage vor Anreise bzw. Bezug der Zimmer 60% der vereinbarten Kosten<\/strong><br \/>\n<strong>09-05 Tage vor Anreise bzw. Bezug der Zimmer 80% der vereinbarten Kosten<\/strong><br \/>\n<strong>05-04 Tage vor Anreise bzw. Bezug der Zimmer 90% der vereinbarten Kosten<\/strong><br \/>\n<strong>04- 0 Tage vor Anreise bzw. Bezug der Zimmer 100% der vereinbarten Kosten<\/strong><\/p>\n<p>13. Der Veranstalter \/ Besteller haftet f\u00fcr die Bezahlung, sowie f\u00fcr eventuell von den Veranstaltungsteilnehmern zus\u00e4tzlich bestellter Speisen und Getr\u00e4nke.<\/p>\n\n\t\t<\/div>\n\t<\/div>\n<\/div><\/div><\/div><div class=\"wpb_column vc_column_container vc_col-sm-6\"><div class=\"vc_column-inner\"><div class=\"wpb_wrapper\">\n\t<div class=\"wpb_text_column wpb_content_element\" >\n\t\t<div class=\"wpb_wrapper\">\n\t\t\t<p>14. Eine \u00c4nderung der Teilnehmerzahl muss sp\u00e4testens 3 Tage vor Veranstaltungsbeginn mitgeteilt werden, andernfalls wird mindestens die bestellte Anzahl der Vereinbarten Leistungen in Rechnung gestellt.<\/p>\n<p>15. Mitgef\u00fchrte Ausstellungs- oder sonstige, auch pers\u00f6nliche Gegenst\u00e4nde befinden sich auf Gefahr des Kunden in den Veranstaltungsr\u00e4umen bzw. im Hotel. Das Hotel \u00fcbernimmt f\u00fcr Verlust, Untergang oder Besch\u00e4digung keine Haftung, auch nicht f\u00fcr Verm\u00f6genssch\u00e4den, au\u00dfer bei grober Fahrl\u00e4ssigkeit oder Vorsatz des Hotels.<\/p>\n<p>16. Sofern der Kunde Unternehmer ist, haftet er f\u00fcr alle Sch\u00e4den an Geb\u00e4ude oder Inventar, die durch Veranstaltungsteilnehmer bzw. \u2013 Besucher, Mitarbeiter, sonstige Dritte aus seinem Bereich oder ihn selbst verursacht werden.<\/p>\n<p>17. St\u00f6rungen an der zur Verf\u00fcgung gestellter technischer oder sonstiger Einrichtungen werden, soweit m\u00f6glich sofort beseitigt. Eine Zur\u00fcckbehaltung oder Minderung von Zahlungen kann jedoch nicht vorgenommen werden.<\/p>\n<p>18. Unsere Rechnungen sind binnen 10 Tagen ab Rechnungsdatum ohne Abzug zahlbar.<\/p>\n<p>19. Das Hotel ist berechtigt, jederzeit eine angemessene Vorrauszahlung zu verlangen. Die H\u00f6he der Vorrauszahlung und Zahlungstermine k\u00f6nnen im Vertrag schriftlich vereinbart werden.<\/p>\n<p>20. Berichtigungen vor Irrt\u00fcmern sowie von Druck- und Rechenfehlern bleibt vorbehalten.<\/p>\n<p>21. Die Unwirksamkeit einzelner Bestimmungen des Vertrages oder dieser Allgemeinen Gesch\u00e4ftsbedingungen ber\u00fchren nicht die Wirksamkeit der \u00fcbrigen Vereinbarungen.<\/p>\n<p>22. F\u00fcr alle Streitigkeiten aus diesem Vertrage und seiner Erf\u00fcllung wird, soweit gesetzlich zul\u00e4ssig, die Zust\u00e4ndigkeit des Amtsgerichtes Wetzlar vereinbart.<\/p>\n<p>&nbsp;<\/p>\n<p><strong>Parkplatznutzung<\/strong><\/p>\n<ol>\n<li><strong>Allgemein<\/strong><br \/>\nMit Einstellung des Kraftfahrzeuges kommt ein Vertrag \u00fcber einen Kfz-Stellplatz zustande. Es d\u00fcrfen nur zum \u00f6ffentlichen Verkehr zugelassene Kraftfahrzeuge abgestellt werden. Der Hotelgast ist verpflichtet, die Platzordnung zu beachten (siehe wei\u00dfe Parkplatzstreifen).<\/li>\n<li><strong>Haftung des Parkers<\/strong><br \/>\nDer Parker haftet f\u00fcr alle durch Ihn selbst, seine Angestellten, seine Beauftragten oder seine Begleitpersonen auf dem Parkplatz oder gegen\u00fcber anderen Parker verursachten Sch\u00e4den. Er ist verpflichtet, die angerichteten Sch\u00e4den unverz\u00fcglich dem Parkplatzbetreiber\/-eigent\u00fcmer anzuzeigen. Es gilt die StVO \u2013 es darf nur im Stritt-Tempo gefahren werden.<\/li>\n<\/ol>\n<p>Bei weiteren Fragen stehen wir Ihnen gerne zu Verf\u00fcgung.<\/p>\n<p><strong>Ingrid Schr\u00f6der, Pension Domblick<\/strong> &#8211; 20.10.2024<\/p>\n\n\t\t<\/div>\n\t<\/div>\n<\/div><\/div><\/div><\/div>\n<\/section>","protected":false},"excerpt":{"rendered":"Allgemeine Gesch\u00e4ftsbedingungen f\u00fcr Tagungen und Veranstaltungen in Pension Domblick Stand: 20.10.2024 Sehr geehrter Gast. 1. Der Vertrag ist abgeschlossen, sobald das \/ die Zimmer bestellt und zugesagt oder, falls eine Zusage aus Zeitgr\u00fcnden nicht mehr m\u00f6glich ist, bereitgestellt wird\/werden. M\u00fcndliche Abreden werden erst wirksam, wenn sie vom Hotel schriftlich best\u00e4tigt wurden. 2. Optionsdaten sind f\u00fcr [...]","protected":false},"author":1,"featured_media":0,"parent":0,"menu_order":0,"comment_status":"closed","ping_status":"closed","template":"","meta":[],"_links":{"self":[{"href":"https:\/\/domblick.de\/en\/wp-json\/wp\/v2\/pages\/3328"}],"collection":[{"href":"https:\/\/domblick.de\/en\/wp-json\/wp\/v2\/pages"}],"about":[{"href":"https:\/\/domblick.de\/en\/wp-json\/wp\/v2\/types\/page"}],"author":[{"embeddable":true,"href":"https:\/\/domblick.de\/en\/wp-json\/wp\/v2\/users\/1"}],"replies":[{"embeddable":true,"href":"https:\/\/domblick.de\/en\/wp-json\/wp\/v2\/comments?post=3328"}],"version-history":[{"count":7,"href":"https:\/\/domblick.de\/en\/wp-json\/wp\/v2\/pages\/3328\/revisions"}],"predecessor-version":[{"id":3395,"href":"https:\/\/domblick.de\/en\/wp-json\/wp\/v2\/pages\/3328\/revisions\/3395"}],"wp:attachment":[{"href":"https:\/\/domblick.de\/en\/wp-json\/wp\/v2\/media?parent=3328"}],"curies":[{"name":"wp","href":"https:\/\/api.w.org\/{rel}","templated":true}]}}