{"id":60,"date":"2018-02-17T23:15:11","date_gmt":"2018-02-17T23:15:11","guid":{"rendered":"http:\/\/demo.zantetheme.com\/?page_id=60"},"modified":"2025-06-20T20:34:25","modified_gmt":"2025-06-20T18:34:25","slug":"home-page-5","status":"publish","type":"page","link":"https:\/\/domblick.de\/en\/","title":{"rendered":"Home"},"content":{"rendered":"<section class=\"wpb-content-wrapper\"><div class=\"vc_row wpb_row vc_row-fluid\"><div class=\"wpb_column vc_column_container vc_col-sm-12\"><div class=\"vc_column-inner\"><div class=\"wpb_wrapper\"><div class=\"wpb_revslider_element wpb_content_element color-overlay-slider overlay-opacity-01\">\n\t\t\t<!-- START Slider 1 REVOLUTION SLIDER 6.6.10 --><p class=\"rs-p-wp-fix\"><\/p>\n\t\t\t<rs-module-wrap id=\"hero_wrapper\" data-source=\"gallery\" style=\"visibility:hidden;background:transparent;padding:0;margin:0px auto;margin-top:0;margin-bottom:0;\">\n\t\t\t\t<rs-module id=\"hero\" style=\"\" data-version=\"6.6.10\">\n\t\t\t\t\t<rs-slides style=\"overflow: hidden; position: absolute;\">\n\t\t\t\t\t\t<rs-slide style=\"position: absolute;\" data-key=\"rs-1\" data-title=\"Slide\" data-anim=\"ms:10;\" data-in=\"o:1;\" data-out=\"a:false;\" data-mediafilter=\"clarendon\">\n\t\t\t\t\t\t\t<img src=\"\/\/domblick.de\/cms\/module35\/public\/assets\/assets\/dummy.png\" alt=\"\" title=\"slider\" width=\"2560\" height=\"1707\" class=\"rev-slidebg tp-rs-img rs-lazyload\" data-lazyload=\"\/\/domblick.de\/domblick\/uploads\/2023\/04\/slider-2-scaled.jpg\" data-bg=\"p:center top;\" data-parallax=\"5\" data-no-retina>\n<!--\n\t\t\t\t\t\t\t--><rs-layer\n\t\t\t\t\t\t\t\tid=\"slider-1-slide-1-layer-1\" \n\t\t\t\t\t\t\t\tdata-type=\"text\"\n\t\t\t\t\t\t\t\tdata-tsh=\"h:2px;v:2px;\"\n\t\t\t\t\t\t\t\tdata-rsp_ch=\"on\"\n\t\t\t\t\t\t\t\tdata-xy=\"x:c;yo:310px,310px,320px,320px;\"\n\t\t\t\t\t\t\t\tdata-text=\"s:80,80,40,30;l:80,80,60,60;fw:900,900,700,700;a:inherit;\"\n\t\t\t\t\t\t\t\tdata-border=\"bos:solid;boc:#deb666;bow:0px,0,10px,0;\"\n\t\t\t\t\t\t\t\tdata-frame_0=\"y:-100%;o:1;\"\n\t\t\t\t\t\t\t\tdata-frame_0_mask=\"u:t;\"\n\t\t\t\t\t\t\t\tdata-frame_1=\"st:110;sp:1000;sR:110;\"\n\t\t\t\t\t\t\t\tdata-frame_1_mask=\"u:t;\"\n\t\t\t\t\t\t\t\tdata-frame_999=\"o:0;st:w;sR:7390;\"\n\t\t\t\t\t\t\t\tstyle=\"z-index:5;font-family:'Roboto';\"\n\t\t\t\t\t\t\t>Welcome to the Pension Domblick \n\t\t\t\t\t\t\t<\/rs-layer><!--\n-->\t\t\t\t\t\t<\/rs-slide>\n\t\t\t\t\t<\/rs-slides>\n\t\t\t\t<\/rs-module>\n\t\t\t\t<script>\n\t\t\t\t\tsetREVStartSize({c: 'hero',rl:[1240,1024,778,480],el:[800,768,960,720],gw:[1170,1024,778,480],gh:[800,768,960,720],type:'standard',justify:'',layout:'fullwidth',mh:\"0\"});if (window.RS_MODULES!==undefined && window.RS_MODULES.modules!==undefined && window.RS_MODULES.modules[\"hero\"]!==undefined) {window.RS_MODULES.modules[\"hero\"].once = false;window.revapi1 = undefined;if (window.RS_MODULES.checkMinimal!==undefined) window.RS_MODULES.checkMinimal()}\n\t\t\t\t<\/script>\n\t\t\t<\/rs-module-wrap>\n\t\t\t<!-- END REVOLUTION SLIDER -->\n<\/div><div class=\"vc_row wpb_row vc_inner vc_row-fluid\"><div class=\"wpb_column vc_column_container vc_col-sm-12\"><div class=\"vc_column-inner\"><div class=\"wpb_wrapper\"><\/div><\/div><\/div><\/div><\/div><\/div><\/div><\/div><div data-vc-full-width=\"true\" data-vc-full-width-init=\"false\" class=\"vc_row wpb_row vc_row-fluid vc_custom_1531848941252\"><div class=\"wpb_column vc_column_container vc_col-sm-6\"><div class=\"vc_column-inner\"><div class=\"wpb_wrapper\">\t\t\t<div\r\n\t\t\t\tclass=\"main_title  text-left\">\r\n\t\t\t\t<h2 class=\"title\">Pension Domblick<\/h2>\r\n\t\t\t\t\t\t\t\t\t<p class=\"main_description\">Pension Domblick in Wetzlar<\/p>\r\n\t\t\t\t\t\t\t<\/div>\r\n\t\t\n\t<div class=\"wpb_text_column wpb_content_element\" >\n\t\t<div class=\"wpb_wrapper\">\n\t\t\t<p><strong>We look forward to welcoming you personally as a guest in our house!<\/strong><\/p>\n<p>Our quiet Pension Domblick is located in the middle of the old town of Wetzlar \/ Hesse. Would you like to spend your free time with the amenities of a guesthouse in Wetzlar\/Hessen? At the same time conveniently located, yet quiet and surrounded by beautiful countryside? Do you appreciate a good breakfast? And all that with an attractive price\/performance ratio?<\/p>\n\n\t\t<\/div>\n\t<\/div>\n\r\n        \r\n        <style>\r\n\t\t\t\t#btn-container-XUjDV {\r\n\t\t\t\t\tfont-size: 15px;\r\n\t\t\t\t\tfont-weight: bold;\r\n\t\t\t\t}\r\n        #btn-XUjDV {\r\n        \tbackground: #ffffff;\r\n\t\t\t\t\tborder-style: solid;\r\n        \tborder-color: #deb668;\r\n\t\t\t\t\tborder-width: 2px;\r\n        \tcolor: #deb668;\r\n\t\t\t\t\tpadding: 10px 25px;\r\n\t\t\t\t\tborder-radius: 2px;\r\n\t\t\t\t\tfont-size: 15px;\r\n\t\t\t\t\tline-height: 15px;\r\n\t\t\t\t\t\t\t\t\t\t\t\t\t\t\tfont-weight: bold;\r\n        }\r\n\r\n\t\t\t\t#btn-XUjDV:hover {\r\n\t\t\t\t\tbackground: #deb668;\r\n\t\t\t\t\tborder-color: #deb668;\r\n\t\t\t\t\tcolor: #ffffff;\r\n\t\t\t\t\t\t\t\t\t\tbox-shadow: 0 15px 30px rgba(0, 0, 0, 0.10);\r\n\t\t\t\t\t\t\t\t\t\t\t\t\t\t\t\t\t\t\t\t-ms-transform: translateY(-2px);\r\n\t\t\t\t\ttransform: translateY(-2px);\r\n\t\t\t\t\t-webkit-transform: translateY(-2px);\r\n\t\t\t\t\t\r\n\t\t\t\t}\r\n\r\n\t\t    #btn-XUjDV i {\r\n\t\t\t\t\tright: 14px;\r\n\t\t\t\t\tmargin-top: 0;\r\n\t\t\t\t\tvertical-align: middle;\r\n\t\t\t\t\tborder-radius: 50%;\r\n\t\t\t\t\tline-height: 20px;\r\n\t\t\t\t\theight: 20px;\r\n\t\t\t\t\twidth: 20px;\r\n\t\t\t\t\tbackground: #deb668;\r\n\t\t\t\t\tmargin-left: 8px;\r\n\t\t\t\t\tmargin-right: 0;\r\n\t\t\t\t\tcolor: #ffffff;\r\n\t\t\t\t\tfont-size: 8px;\r\n\t\t\t\t\ttext-align: center;\r\n\t\t\t\t}\r\n\r\n\t\t\t\t #btn-XUjDV:hover i {\r\n\t\t\t\t \tbackground: #ffffff;\r\n\t\t\t\t\tcolor: #deb668;\r\n\t\t\t\t }\r\n\r\n        <\/style>\r\n\r\n\t\t<!-- BUTTON -->\r\n        <div id=\"btn-container-XUjDV\" class=\"text-left\">\r\n\t\t\t\r\n\t\t\t\t\t<a href=\"https:\/\/domblick.de\/en\/die-pension-domblick-in-wetzlar\/\" id=\"btn-XUjDV\" class=\"btn\" target=\"_self\">\r\n\t\t\t\t\t\tread more\t\t\t\t\t\t\t\t\t\t\t\t<i class=\"fa fa-chevron-right\"><\/i>\r\n\t\t\t\t\t\t\t\t\t\t\t<\/a>\r\n\t\t\t\t\t        <\/div>\r\n\r\n        <\/div><\/div><\/div><div class=\"wpb_column vc_column_container vc_col-sm-6\"><div class=\"vc_column-inner\"><div class=\"wpb_wrapper\">\n\t<div  class=\"wpb_single_image wpb_content_element vc_align_left\">\n\t\t\n\t\t<figure class=\"wpb_wrapper vc_figure\">\n\t\t\t<div class=\"vc_single_image-wrapper   vc_box_border_grey\"><img width=\"2560\" height=\"1920\" src=\"https:\/\/domblick.de\/domblick\/uploads\/2023\/06\/Homepage-Startseite--scaled.jpg\" class=\"vc_single_image-img attachment-full\" alt=\"Der Haupteingang unseres Hotels in der Langgasse\" loading=\"lazy\" title=\"Der Haupteingang unseres Hotels in der Langgasse\" srcset=\"https:\/\/domblick.de\/domblick\/uploads\/2023\/06\/Homepage-Startseite--scaled.jpg 2560w, https:\/\/domblick.de\/domblick\/uploads\/2023\/06\/Homepage-Startseite--300x225.jpg 300w, https:\/\/domblick.de\/domblick\/uploads\/2023\/06\/Homepage-Startseite--1024x768.jpg 1024w, https:\/\/domblick.de\/domblick\/uploads\/2023\/06\/Homepage-Startseite--768x576.jpg 768w, https:\/\/domblick.de\/domblick\/uploads\/2023\/06\/Homepage-Startseite--80x60.jpg 80w, https:\/\/domblick.de\/domblick\/uploads\/2023\/06\/Homepage-Startseite--1536x1152.jpg 1536w, https:\/\/domblick.de\/domblick\/uploads\/2023\/06\/Homepage-Startseite--2048x1536.jpg 2048w, https:\/\/domblick.de\/domblick\/uploads\/2023\/06\/Homepage-Startseite--16x12.jpg 16w\" sizes=\"(max-width: 2560px) 100vw, 2560px\" \/><\/div>\n\t\t<\/figure>\n\t<\/div>\n<\/div><\/div><\/div><div class=\"wpb_column vc_column_container vc_col-sm-12\"><div class=\"vc_column-inner\"><div class=\"wpb_wrapper\"><\/div><\/div><\/div><\/div><div class=\"vc_row-full-width vc_clearfix\"><\/div><div data-vc-full-width=\"true\" data-vc-full-width-init=\"false\" class=\"vc_row wpb_row vc_row-fluid vc_custom_1531841302974 vc_row-has-fill\"><div class=\"wpb_column vc_column_container vc_col-sm-12\"><div class=\"vc_column-inner\"><div class=\"wpb_wrapper\">\t\t\t<div\r\n\t\t\t\tclass=\"main_title  text-center\">\r\n\t\t\t\t<h2 class=\"title\">Our offers for you<\/h2>\r\n\t\t\t\t\t\t\t\t\t<p class=\"main_description\">Additional offers<\/p>\r\n\t\t\t\t\t\t\t<\/div>\r\n\t\t\r\n      \r\n    <script>\r\n      jQuery(document).ready(function ($) {\r\n        $('#features-slider-7gflz').owlCarousel({\r\n            thumbs: true,\r\n            thumbsPrerendered: true,\r\n            items: 1,\r\n                        loop: true,\r\n                        autoplay: true,\r\n                        dots: false,\r\n            nav: false,\r\n            touchDrag  : true,\r\n            mouseDrag  : false\r\n          });\r\n      });\r\n    <\/script>\r\n\r\n\r\n    <div class=\"features\">\r\n      <div class=\"row\">\r\n          <div class=\"col-md-7\">\r\n              <div data-slider-id=\"features-7gflz\" id=\"features-slider-7gflz\" class=\"main-image owl-carousel\">\r\n\r\n\r\n  <div class=\"gradient-overlay overlay-opacity-02\"><img src=\"https:\/\/domblick.de\/domblick\/uploads\/2023\/03\/Hotel_Wettenberg_171201_0153_Andreas_Bender-1-scaled.jpg\" class=\"img-responsive\" alt=\"Breakfast\"><\/div>\r\n\r\n  \r\n  <div class=\"gradient-overlay overlay-opacity-02\"><img src=\"https:\/\/domblick.de\/domblick\/uploads\/2023\/04\/weibliche-holding-stencil-outdoors-mit-dem-zeichen-scaled.jpg\" class=\"img-responsive\" alt=\"Free WiFi\"><\/div>\r\n\r\n  \r\n  <div class=\"gradient-overlay overlay-opacity-02\"><img src=\"https:\/\/domblick.de\/domblick\/uploads\/2023\/04\/flat-lay-food-lunchboxen-sortiment-scaled.jpg\" class=\"img-responsive\" alt=\"Lunchpaket\"><\/div>\r\n\r\n  <\/div>\r\n<\/div>\r\n<div class=\"col-md-5\">\r\n  <div class=\"owl-thumbs\" data-slider-id=\"features-7gflz\">\r\n\r\n    \r\n    <!-- SLIDE -->\r\n    <div class=\"owl-thumb-item\">\r\n        <span class=\"media-left\"><image src=\"https:\/\/domblick.de\/domblick\/uploads\/2018\/05\/plate.png\" alt=\"Fr\u00fchst\u00fcck\"><\/span>\r\n        <div class=\"media-body\">\r\n            <h3>Breakfast<\/h3>\r\n            <p>Breakfast like a king! Start an eventful day with our distinctive breakfast buffet.<\/p>\r\n        <\/div>\r\n    <\/div>\r\n\r\n    \r\n    <!-- SLIDE -->\r\n    <div class=\"owl-thumb-item\">\r\n        <span class=\"media-left\"><image src=\"https:\/\/domblick.de\/domblick\/uploads\/2023\/03\/wlan.png\" alt=\"Freies WLAN\"><\/span>\r\n        <div class=\"media-body\">\r\n            <h3>Free WiFi<\/h3>\r\n            <p>Free WiFi for our guests in the Pension Domblick<\/p>\r\n        <\/div>\r\n    <\/div>\r\n\r\n    \r\n    <!-- SLIDE -->\r\n    <div class=\"owl-thumb-item\">\r\n        <span class=\"media-left\"><image src=\"https:\/\/domblick.de\/domblick\/uploads\/2023\/03\/lunch.png\" alt=\"Lunchpaket\"><\/span>\r\n        <div class=\"media-body\">\r\n            <h3>Lunchpaket<\/h3>\r\n            <p>G\u00e4ste die mit dem Fahrrad,- Motorrad,- Wanderer und Kanu anreisen, erhalten ein kostenloses Lunchpaket von uns<\/p>\r\n        <\/div>\r\n    <\/div>\r\n\r\n    \r\n  <\/div>\r\n<\/div>\r\n<\/div>\r\n<\/div>\r\n\r\n  <div class=\"vc_row wpb_row vc_inner vc_row-fluid\"><div class=\"wpb_column vc_column_container vc_col-sm-12\"><div class=\"vc_column-inner\"><div class=\"wpb_wrapper\"><div class=\"vc_separator wpb_content_element vc_separator_align_center vc_sep_width_100 vc_sep_pos_align_center vc_separator_no_text vc_sep_color_grey\" ><span class=\"vc_sep_holder vc_sep_holder_l\"><span class=\"vc_sep_line\"><\/span><\/span><span class=\"vc_sep_holder vc_sep_holder_r\"><span class=\"vc_sep_line\"><\/span><\/span>\n<\/div><div class=\"vc_message_box vc_message_box-standard vc_message_box-rounded vc_color-info\" ><div class=\"vc_message_box-icon\"><i class=\"fas fa-info-circle\"><\/i><\/div><p><img loading=\"lazy\" class=\"wp-image-3089 alignleft\" src=\"https:\/\/domblick.de\/domblick\/uploads\/2023\/04\/BettBike-Logo-500px-300x94.png\" alt=\"\" width=\"166\" height=\"52\" srcset=\"https:\/\/domblick.de\/domblick\/uploads\/2023\/04\/BettBike-Logo-500px-300x94.png 300w, https:\/\/domblick.de\/domblick\/uploads\/2023\/04\/BettBike-Logo-500px-80x25.png 80w, https:\/\/domblick.de\/domblick\/uploads\/2023\/04\/BettBike-Logo-500px.png 500w\" sizes=\"(max-width: 166px) 100vw, 166px\" \/>BBB: our 3 x B gift for our cyclist guests<span style=\"color: #ff0000;\">*<\/span>: Bett und Bike Bonus &#8211; ein kostenloses Lunchpaket f\u00fcr Sie bei der Abfahrt.<br \/>\n<span style=\"color: #ff0000;\">*<\/span>For all canoeists, cyclists and motorcyclists.<\/p>\n<\/div><\/div><\/div><\/div><\/div><\/div><\/div><\/div><\/div><div class=\"vc_row-full-width vc_clearfix\"><\/div><div class=\"vc_row wpb_row vc_row-fluid\"><div class=\"wpb_column vc_column_container vc_col-sm-6 vc_col-has-fill\"><div class=\"vc_column-inner vc_custom_1680460252789\"><div class=\"wpb_wrapper\">\n\t<div class=\"wpb_text_column wpb_content_element\" >\n\t\t<div class=\"wpb_wrapper\">\n\t\t\t<p><img loading=\"lazy\" class=\"wp-image-2941 alignleft\" src=\"http:\/\/wetzlar-pension.de\/wp-content\/uploads\/2023\/03\/Qualitaetsgastgeber-allgemein-600x666-1-e1680288844742-294x300.png\" alt=\"Wanderbares Deutschland QUalit\u00e4tsgastgeber Hotel Pension mit Wandertouren und Fahrradtouren\" width=\"163\" height=\"167\" srcset=\"https:\/\/domblick.de\/domblick\/uploads\/2023\/03\/Qualitaetsgastgeber-allgemein-600x666-1-e1680288844742-294x300.png 294w, https:\/\/domblick.de\/domblick\/uploads\/2023\/03\/Qualitaetsgastgeber-allgemein-600x666-1-e1680288844742-78x80.png 78w, https:\/\/domblick.de\/domblick\/uploads\/2023\/03\/Qualitaetsgastgeber-allgemein-600x666-1-e1680288844742.png 599w\" sizes=\"(max-width: 163px) 100vw, 163px\" \/><\/p>\n<p class=\" translation-block\">We have been <strong>awarded the \"Wanderbares Deutschland\"<\/strong> seal of approval by the German Hiking Association<\/p>\n\n\t\t<\/div>\n\t<\/div>\n<\/div><\/div><\/div><div class=\"wpb_column vc_column_container vc_col-sm-6\"><div class=\"vc_column-inner\"><div class=\"wpb_wrapper\">\n\t<div class=\"wpb_text_column wpb_content_element\" >\n\t\t<div class=\"wpb_wrapper\">\n\t\t\t<p><img loading=\"lazy\" class=\"wp-image-3034 alignleft\" src=\"http:\/\/wetzlar-pension.de\/wp-content\/uploads\/2023\/04\/Gutschein-300x189.png\" alt=\"Hotelgutschein f\u00fcr Pension Domblick in Wetzlar - Beschenken Sie Ihre Liebsten mit einem Voucher\" width=\"192\" height=\"121\" srcset=\"https:\/\/domblick.de\/domblick\/uploads\/2023\/04\/Gutschein-300x189.png 300w, https:\/\/domblick.de\/domblick\/uploads\/2023\/04\/Gutschein-1024x644.png 1024w, https:\/\/domblick.de\/domblick\/uploads\/2023\/04\/Gutschein-768x483.png 768w, https:\/\/domblick.de\/domblick\/uploads\/2023\/04\/Gutschein-80x50.png 80w, https:\/\/domblick.de\/domblick\/uploads\/2023\/04\/Gutschein.png 1500w\" sizes=\"(max-width: 192px) 100vw, 192px\" \/><\/p>\n<p><strong>Pension voucher .... as a gift!<\/strong>...The hotel voucher is individually designed with the name of the recipient. The amount of the voucher is variable - according to your wishes.<\/p>\n<p><a href=\"https:\/\/domblick.de\/en\/kontakt\/\"><strong>to the voucher<\/strong><\/a> <i class=\"fas fa-arrow-right\"><\/i><\/p>\n\n\t\t<\/div>\n\t<\/div>\n<\/div><\/div><\/div><\/div><div class=\"vc_row wpb_row vc_row-fluid\"><div class=\"wpb_column vc_column_container vc_col-sm-12\"><div class=\"vc_column-inner\"><div class=\"wpb_wrapper\"><div class=\"vc_empty_space\"   style=\"height: 32px\"><span class=\"vc_empty_space_inner\"><\/span><\/div><\/div><\/div><\/div><\/div><div class=\"vc_row wpb_row vc_row-fluid\"><div class=\"wpb_column vc_column_container vc_col-sm-12\"><div class=\"vc_column-inner\"><div class=\"wpb_wrapper\">\n            <div \n                class=\"elfsight-widget-cookie-consent elfsight-widget\" \n                data-elfsight-cookie-consent-options=\"%7B%22complianceType%22%3A%22cookies%22%2C%22lang%22%3A%22de%22%2C%22message%22%3A%22Diese%20Website%20verwendet%20Cookies%2C%20um%20sicherzustellen%2C%20dass%20Sie%20das%20beste%20Erlebnis%20auf%20unserer%20Website%20erhalten.%20Durch%20die%20Nutzung%20unserer%20Website%20stimmen%20Sie%20Cookies%20zu.%22%2C%22policyType%22%3A%22link%22%2C%22policyUrl%22%3A%22%5C%2Fdatenschutz%5C%2F%22%2C%22policyLinkText%22%3A%22Mehr%20erfahren%22%2C%22showConfirmationButton%22%3Atrue%2C%22confirmationButtonText%22%3A%22Akzeptieren%22%2C%22allowButtonText%22%3A%22Erm%5Cu00f6glichen%22%2C%22declineButtonText%22%3A%22Ablehnen%22%2C%22showCookieIcon%22%3Afalse%2C%22cookieIconType%22%3A%22default%22%2C%22cookieIconCustom%22%3Anull%2C%22layout%22%3A%22bottomBanner%22%2C%22backgroundColor%22%3A%22rgb%2837%2C%2037%2C%2040%29%22%2C%22textColor%22%3A%22rgb%28255%2C%20255%2C%20255%29%22%2C%22linkColor%22%3A%22rgb%28255%2C%20255%2C%20255%29%22%2C%22confirmationButtonColor%22%3A%22rgb%28224%2C%20186%2C%20111%29%22%2C%22allowButtonColor%22%3A%22rgb%28255%2C%20255%2C%20255%29%22%2C%22declineButtonColor%22%3A%22rgb%28255%2C%20255%2C%20255%29%22%2C%22textFontSize%22%3A13%2C%22widgetId%22%3A%221%22%7D\" \n                data-elfsight-cookie-consent-version=\"1.1.1\"\n                data-elfsight-widget-id=\"elfsight-cookie-consent-1\">\n            <\/div>\n            <\/div><\/div><\/div><\/div>\n<\/section>","protected":false},"excerpt":{"rendered":"Willkommen in der Pension Domblick Pension Domblick Pension Domblick in Wetzlar Wir freuen uns darauf, Sie schon bald pers\u00f6nlich als Gast in unserem Haus willkommen hei\u00dfen zu d\u00fcrfen! Unsere ruhige Pension Domblick liegt mitten in der Altstadt von Wetzlar \/Hessen. Sie w\u00fcnschen sich eine Freizeit mit den Annehmlichkeiten einer Pension in Wetzlar\/Hessen? Gleichzeitig verkehrsg\u00fcnstig gelegen, [...]","protected":false},"author":1,"featured_media":0,"parent":0,"menu_order":0,"comment_status":"closed","ping_status":"closed","template":"","meta":[],"_links":{"self":[{"href":"https:\/\/domblick.de\/en\/wp-json\/wp\/v2\/pages\/60"}],"collection":[{"href":"https:\/\/domblick.de\/en\/wp-json\/wp\/v2\/pages"}],"about":[{"href":"https:\/\/domblick.de\/en\/wp-json\/wp\/v2\/types\/page"}],"author":[{"embeddable":true,"href":"https:\/\/domblick.de\/en\/wp-json\/wp\/v2\/users\/1"}],"replies":[{"embeddable":true,"href":"https:\/\/domblick.de\/en\/wp-json\/wp\/v2\/comments?post=60"}],"version-history":[{"count":20,"href":"https:\/\/domblick.de\/en\/wp-json\/wp\/v2\/pages\/60\/revisions"}],"predecessor-version":[{"id":3457,"href":"https:\/\/domblick.de\/en\/wp-json\/wp\/v2\/pages\/60\/revisions\/3457"}],"wp:attachment":[{"href":"https:\/\/domblick.de\/en\/wp-json\/wp\/v2\/media?parent=60"}],"curies":[{"name":"wp","href":"https:\/\/api.w.org\/{rel}","templated":true}]}}